{"id":62,"date":"2025-07-05T09:44:21","date_gmt":"2025-07-05T07:44:21","guid":{"rendered":"https:\/\/inzity.com\/de\/?page_id=62"},"modified":"2025-07-05T10:31:01","modified_gmt":"2025-07-05T08:31:01","slug":"haftungsausschluss","status":"publish","type":"page","link":"https:\/\/inzity.com\/de\/haftungsausschluss\/","title":{"rendered":"Haftungsausschluss"},"content":{"rendered":"\t\t<div data-elementor-type=\"wp-page\" data-elementor-id=\"62\" class=\"elementor elementor-62\">\n\t\t\t\t<div class=\"elementor-element elementor-element-ae3b48e e-flex e-con-boxed e-con e-parent\" data-id=\"ae3b48e\" data-element_type=\"container\" data-e-type=\"container\">\n\t\t\t\t\t<div class=\"e-con-inner\">\n\t\t\t\t<div class=\"elementor-element elementor-element-06be4ba elementor-widget elementor-widget-text-editor\" data-id=\"06be4ba\" data-element_type=\"widget\" data-e-type=\"widget\" data-widget_type=\"text-editor.default\">\n\t\t\t\t\t\t\t\t\t<h4 data-start=\"45\" data-end=\"613\"><strong data-start=\"45\" data-end=\"67\">Haftungsausschluss<\/strong><\/h4><p data-start=\"45\" data-end=\"613\">Alle Inhalte, Meinungen und Informationen, die von Nutzern auf inzity.com erstellt werden, unterliegen der Verantwortung des jeweiligen Nutzers in Bezug auf deren Richtigkeit, Vollst\u00e4ndigkeit, Unver\u00e4nderlichkeit sowie deren Ver\u00f6ffentlichung im Einklang mit den gesetzlichen Bestimmungen. inzity.com \u00fcbernimmt keinerlei Verantwortung f\u00fcr etwaige Fehler, Unvollst\u00e4ndigkeiten oder Verst\u00f6\u00dfe gegen gesetzliche Vorschriften in Bezug auf diese Inhalte, Meinungen und Informationen. Bei Fragen wenden Sie sich bitte direkt an den Anbieter der Anzeige.<\/p><p data-start=\"45\" data-end=\"613\">\u00a0<\/p><h4 data-start=\"615\" data-end=\"1047\"><strong data-start=\"615\" data-end=\"660\">Bez\u00fcglich der Kommentarver\u00f6ffentlichungen<\/strong><\/h4><p data-start=\"615\" data-end=\"1047\">Achtung! F\u00fcr alle Inhalte, die strafbar, rechtswidrig, bedrohlich, bel\u00e4stigend, beleidigend, herabw\u00fcrdigend, diskriminierend, obsz\u00f6n, unsittlich oder in anderer Weise gegen die Pers\u00f6nlichkeitsrechte versto\u00dfend sind, tr\u00e4gt allein das Mitglied\/die Mitglieder, die diese Inhalte ver\u00f6ffentlichen, die volle finanzielle, rechtliche, strafrechtliche und verwaltungsrechtliche Verantwortung.<\/p>\t\t\t\t\t\t\t\t<\/div>\n\t\t\t\t\t<\/div>\n\t\t\t\t<\/div>\n\t\t\t\t<\/div>\n\t\t","protected":false},"excerpt":{"rendered":"<p>Haftungsausschluss Alle Inhalte, Meinungen und Informationen, die von Nutzern auf inzity.com erstellt werden, unterliegen der Verantwortung des jeweiligen Nutzers in Bezug auf deren Richtigkeit, Vollst\u00e4ndigkeit, Unver\u00e4nderlichkeit sowie deren Ver\u00f6ffentlichung im Einklang mit den gesetzlichen Bestimmungen. inzity.com \u00fcbernimmt keinerlei Verantwortung f\u00fcr etwaige Fehler, Unvollst\u00e4ndigkeiten oder Verst\u00f6\u00dfe gegen gesetzliche Vorschriften in Bezug auf diese Inhalte, Meinungen und [&hellip;]<\/p>\n","protected":false},"author":1,"featured_media":0,"parent":0,"menu_order":0,"comment_status":"closed","ping_status":"closed","template":"","meta":{"footnotes":""},"class_list":["post-62","page","type-page","status-publish","hentry"],"acf":[],"_links":{"self":[{"href":"https:\/\/inzity.com\/de\/wp-json\/wp\/v2\/pages\/62","targetHints":{"allow":["GET"]}}],"collection":[{"href":"https:\/\/inzity.com\/de\/wp-json\/wp\/v2\/pages"}],"about":[{"href":"https:\/\/inzity.com\/de\/wp-json\/wp\/v2\/types\/page"}],"author":[{"embeddable":true,"href":"https:\/\/inzity.com\/de\/wp-json\/wp\/v2\/users\/1"}],"replies":[{"embeddable":true,"href":"https:\/\/inzity.com\/de\/wp-json\/wp\/v2\/comments?post=62"}],"version-history":[{"count":0,"href":"https:\/\/inzity.com\/de\/wp-json\/wp\/v2\/pages\/62\/revisions"}],"wp:attachment":[{"href":"https:\/\/inzity.com\/de\/wp-json\/wp\/v2\/media?parent=62"}],"curies":[{"name":"wp","href":"https:\/\/api.w.org\/{rel}","templated":true}]}}