{"id":1121,"date":"2025-07-23T08:04:38","date_gmt":"2025-07-23T06:04:38","guid":{"rendered":"https:\/\/inzity.com\/de\/?post_type=product&#038;p=1121"},"modified":"2025-07-29T14:53:10","modified_gmt":"2025-07-29T12:53:10","slug":"qr-menue-pure","status":"publish","type":"product","link":"https:\/\/inzity.com\/de\/produkt\/qr-menue-pure\/","title":{"rendered":"QR-Men\u00fc Pure"},"content":{"rendered":"","protected":false},"excerpt":{"rendered":"<p>Pure-Men\u00fc, wir richten Ihr Men\u00fc ein ohne Werbeanzeigen und 1 Jahr aktualisierung.<br \/>\nAkkordeonmen\u00fc oder Men\u00fc mit Navigation.<\/p>\n","protected":false},"featured_media":1122,"comment_status":"closed","ping_status":"closed","template":"","meta":[],"product_brand":[42],"product_cat":[28],"product_tag":[],"class_list":{"0":"post-1121","1":"product","2":"type-product","3":"status-publish","4":"has-post-thumbnail","6":"product_brand-qr-menue","7":"product_cat-inzity","9":"first","10":"instock","11":"shipping-taxable","12":"purchasable","13":"product-type-simple"},"acf":[],"_links":{"self":[{"href":"https:\/\/inzity.com\/de\/wp-json\/wp\/v2\/product\/1121","targetHints":{"allow":["GET"]}}],"collection":[{"href":"https:\/\/inzity.com\/de\/wp-json\/wp\/v2\/product"}],"about":[{"href":"https:\/\/inzity.com\/de\/wp-json\/wp\/v2\/types\/product"}],"replies":[{"embeddable":true,"href":"https:\/\/inzity.com\/de\/wp-json\/wp\/v2\/comments?post=1121"}],"version-history":[{"count":0,"href":"https:\/\/inzity.com\/de\/wp-json\/wp\/v2\/product\/1121\/revisions"}],"wp:featuredmedia":[{"embeddable":true,"href":"https:\/\/inzity.com\/de\/wp-json\/wp\/v2\/media\/1122"}],"wp:attachment":[{"href":"https:\/\/inzity.com\/de\/wp-json\/wp\/v2\/media?parent=1121"}],"wp:term":[{"taxonomy":"product_brand","embeddable":true,"href":"https:\/\/inzity.com\/de\/wp-json\/wp\/v2\/product_brand?post=1121"},{"taxonomy":"product_cat","embeddable":true,"href":"https:\/\/inzity.com\/de\/wp-json\/wp\/v2\/product_cat?post=1121"},{"taxonomy":"product_tag","embeddable":true,"href":"https:\/\/inzity.com\/de\/wp-json\/wp\/v2\/product_tag?post=1121"}],"curies":[{"name":"wp","href":"https:\/\/api.w.org\/{rel}","templated":true}]}}